{"id":1366,"date":"2024-09-09T14:12:58","date_gmt":"2024-09-09T14:12:58","guid":{"rendered":"https:\/\/bioblu.cl\/?post_type=product&#038;p=1366"},"modified":"2026-02-28T06:24:08","modified_gmt":"2026-02-28T06:24:08","slug":"pellet-pelletsur-15-kgs-100-pino-radiata","status":"publish","type":"product","link":"https:\/\/bioblu.cl\/?product=pellet-pelletsur-15-kgs-100-pino-radiata","title":{"rendered":"Pellet PelletSur Premium 100% Pino Radiata 15 Kgs"},"content":{"rendered":"","protected":false},"excerpt":{"rendered":"<p>Biocombustible ecol\u00f3gico de madera de pino sin corteza sin ning\u00fan tipo de a\u00f1adido qu\u00edmico con gran poder calor\u00edfico constante.<br \/>\nCon certificado de calidad ENplus\u00ae A1. La clase A1 representa pellet de madera virgen.<\/p>\n","protected":false},"featured_media":1383,"comment_status":"open","ping_status":"closed","template":"","meta":{"om_disable_all_campaigns":false,"_monsterinsights_skip_tracking":false,"_monsterinsights_sitenote_active":false,"_monsterinsights_sitenote_note":"","_monsterinsights_sitenote_category":0,"site-sidebar-layout":"default","site-content-layout":"","ast-site-content-layout":"default","site-content-style":"default","site-sidebar-style":"default","ast-global-header-display":"","ast-banner-title-visibility":"","ast-main-header-display":"","ast-hfb-above-header-display":"","ast-hfb-below-header-display":"","ast-hfb-mobile-header-display":"","site-post-title":"","ast-breadcrumbs-content":"","ast-featured-img":"","footer-sml-layout":"","theme-transparent-header-meta":"default","adv-header-id-meta":"","stick-header-meta":"","header-above-stick-meta":"","header-main-stick-meta":"","header-below-stick-meta":"","astra-migrate-meta-layouts":"set","ast-page-background-enabled":"default","ast-page-background-meta":{"desktop":{"background-color":"var(--ast-global-color-4)","background-image":"","background-repeat":"repeat","background-position":"center center","background-size":"auto","background-attachment":"scroll","background-type":"","background-media":"","overlay-type":"","overlay-color":"","overlay-gradient":""},"tablet":{"background-color":"","background-image":"","background-repeat":"repeat","background-position":"center center","background-size":"auto","background-attachment":"scroll","background-type":"","background-media":"","overlay-type":"","overlay-color":"","overlay-gradient":""},"mobile":{"background-color":"","background-image":"","background-repeat":"repeat","background-position":"center center","background-size":"auto","background-attachment":"scroll","background-type":"","background-media":"","overlay-type":"","overlay-color":"","overlay-gradient":""}},"ast-content-background-meta":{"desktop":{"background-color":"var(--ast-global-color-5)","background-image":"","background-repeat":"repeat","background-position":"center center","background-size":"auto","background-attachment":"scroll","background-type":"","background-media":"","overlay-type":"","overlay-color":"","overlay-gradient":""},"tablet":{"background-color":"var(--ast-global-color-5)","background-image":"","background-repeat":"repeat","background-position":"center center","background-size":"auto","background-attachment":"scroll","background-type":"","background-media":"","overlay-type":"","overlay-color":"","overlay-gradient":""},"mobile":{"background-color":"var(--ast-global-color-5)","background-image":"","background-repeat":"repeat","background-position":"center center","background-size":"auto","background-attachment":"scroll","background-type":"","background-media":"","overlay-type":"","overlay-color":"","overlay-gradient":""}}},"product_cat":[19],"product_tag":[],"yoast_head":"<!-- This site is optimized with the Yoast SEO plugin v21.1 - https:\/\/yoast.com\/wordpress\/plugins\/seo\/ -->\n<title>Pellet PelletSur Premium 100% Pino Radiata 15 Kgs | Pellet 100% Pino Oregon en Villarrica<\/title>\n<meta name=\"robots\" content=\"index, follow, max-snippet:-1, max-image-preview:large, max-video-preview:-1\" \/>\n<link rel=\"canonical\" href=\"https:\/\/bioblu.cl\/?product=pellet-pelletsur-15-kgs-100-pino-radiata\" \/>\n<meta property=\"og:locale\" content=\"es_ES\" \/>\n<meta property=\"og:type\" content=\"article\" \/>\n<meta property=\"og:title\" content=\"Pellet PelletSur Premium 100% Pino Radiata 15 Kgs | Pellet 100% Pino Oregon en Villarrica\" \/>\n<meta property=\"og:description\" content=\"Biocombustible ecol\u00f3gico de madera de pino sin corteza sin ning\u00fan tipo de a\u00f1adido qu\u00edmico con gran poder calor\u00edfico constante. Con certificado de calidad ENplus\u00ae A1. La clase A1 representa pellet de madera virgen.\" \/>\n<meta property=\"og:url\" content=\"https:\/\/bioblu.cl\/?product=pellet-pelletsur-15-kgs-100-pino-radiata\" \/>\n<meta property=\"og:site_name\" content=\"Pellet 100% Pino Oregon en Villarrica\" \/>\n<meta property=\"article:publisher\" content=\"https:\/\/www.facebook.com\/profile.php?id=100095160214814\" \/>\n<meta property=\"article:modified_time\" content=\"2026-02-28T06:24:08+00:00\" \/>\n<meta property=\"og:image\" content=\"https:\/\/bioblu.cl\/wp-content\/uploads\/2024\/09\/Historia-de-Instagram-Servicios-Agencia-de-Marketing-Digital-Post-de-Facebook-2.png\" \/>\n\t<meta property=\"og:image:width\" content=\"503\" \/>\n\t<meta property=\"og:image:height\" content=\"571\" \/>\n\t<meta property=\"og:image:type\" content=\"image\/png\" \/>\n<meta name=\"twitter:card\" content=\"summary_large_image\" \/>\n<script type=\"application\/ld+json\" class=\"yoast-schema-graph\">{\"@context\":\"https:\/\/schema.org\",\"@graph\":[{\"@type\":\"WebPage\",\"@id\":\"https:\/\/bioblu.cl\/?product=pellet-pelletsur-15-kgs-100-pino-radiata\",\"url\":\"https:\/\/bioblu.cl\/?product=pellet-pelletsur-15-kgs-100-pino-radiata\",\"name\":\"Pellet PelletSur Premium 100% Pino Radiata 15 Kgs | Pellet 100% Pino Oregon en Villarrica\",\"isPartOf\":{\"@id\":\"https:\/\/bioblu.cl\/#website\"},\"datePublished\":\"2024-09-09T14:12:58+00:00\",\"dateModified\":\"2026-02-28T06:24:08+00:00\",\"breadcrumb\":{\"@id\":\"https:\/\/bioblu.cl\/?product=pellet-pelletsur-15-kgs-100-pino-radiata#breadcrumb\"},\"inLanguage\":\"es-CL\",\"potentialAction\":[{\"@type\":\"ReadAction\",\"target\":[\"https:\/\/bioblu.cl\/?product=pellet-pelletsur-15-kgs-100-pino-radiata\"]}]},{\"@type\":\"BreadcrumbList\",\"@id\":\"https:\/\/bioblu.cl\/?product=pellet-pelletsur-15-kgs-100-pino-radiata#breadcrumb\",\"itemListElement\":[{\"@type\":\"ListItem\",\"position\":1,\"name\":\"Portada\",\"item\":\"https:\/\/bioblu.cl\/\"},{\"@type\":\"ListItem\",\"position\":2,\"name\":\"Tienda\",\"item\":\"https:\/\/bioblu.cl\/?page_id=645\"},{\"@type\":\"ListItem\",\"position\":3,\"name\":\"Pellet PelletSur Premium 100% Pino Radiata 15 Kgs\"}]},{\"@type\":\"WebSite\",\"@id\":\"https:\/\/bioblu.cl\/#website\",\"url\":\"https:\/\/bioblu.cl\/\",\"name\":\"Bioblu\",\"description\":\"Pellet en Villarrica\",\"publisher\":{\"@id\":\"https:\/\/bioblu.cl\/#organization\"},\"alternateName\":\"Pellet en Villarrica\",\"potentialAction\":[{\"@type\":\"SearchAction\",\"target\":{\"@type\":\"EntryPoint\",\"urlTemplate\":\"https:\/\/bioblu.cl\/?s={search_term_string}\"},\"query-input\":\"required name=search_term_string\"}],\"inLanguage\":\"es-CL\"},{\"@type\":\"Organization\",\"@id\":\"https:\/\/bioblu.cl\/#organization\",\"name\":\"Bioblu\",\"url\":\"https:\/\/bioblu.cl\/\",\"logo\":{\"@type\":\"ImageObject\",\"inLanguage\":\"es-CL\",\"@id\":\"https:\/\/bioblu.cl\/#\/schema\/logo\/image\/\",\"url\":\"https:\/\/bioblu.cl\/wp-content\/uploads\/2023\/07\/Bioblu-500x466-Logo.png\",\"contentUrl\":\"https:\/\/bioblu.cl\/wp-content\/uploads\/2023\/07\/Bioblu-500x466-Logo.png\",\"width\":500,\"height\":466,\"caption\":\"Bioblu\"},\"image\":{\"@id\":\"https:\/\/bioblu.cl\/#\/schema\/logo\/image\/\"},\"sameAs\":[\"https:\/\/www.facebook.com\/profile.php?id=100095160214814\"]}]}<\/script>\n<!-- \/ Yoast SEO plugin. -->","yoast_head_json":{"title":"Pellet PelletSur Premium 100% Pino Radiata 15 Kgs | Pellet 100% Pino Oregon en Villarrica","robots":{"index":"index","follow":"follow","max-snippet":"max-snippet:-1","max-image-preview":"max-image-preview:large","max-video-preview":"max-video-preview:-1"},"canonical":"https:\/\/bioblu.cl\/?product=pellet-pelletsur-15-kgs-100-pino-radiata","og_locale":"es_ES","og_type":"article","og_title":"Pellet PelletSur Premium 100% Pino Radiata 15 Kgs | Pellet 100% Pino Oregon en Villarrica","og_description":"Biocombustible ecol\u00f3gico de madera de pino sin corteza sin ning\u00fan tipo de a\u00f1adido qu\u00edmico con gran poder calor\u00edfico constante. Con certificado de calidad ENplus\u00ae A1. La clase A1 representa pellet de madera virgen.","og_url":"https:\/\/bioblu.cl\/?product=pellet-pelletsur-15-kgs-100-pino-radiata","og_site_name":"Pellet 100% Pino Oregon en Villarrica","article_publisher":"https:\/\/www.facebook.com\/profile.php?id=100095160214814","article_modified_time":"2026-02-28T06:24:08+00:00","og_image":[{"width":503,"height":571,"url":"https:\/\/bioblu.cl\/wp-content\/uploads\/2024\/09\/Historia-de-Instagram-Servicios-Agencia-de-Marketing-Digital-Post-de-Facebook-2.png","type":"image\/png"}],"twitter_card":"summary_large_image","schema":{"@context":"https:\/\/schema.org","@graph":[{"@type":"WebPage","@id":"https:\/\/bioblu.cl\/?product=pellet-pelletsur-15-kgs-100-pino-radiata","url":"https:\/\/bioblu.cl\/?product=pellet-pelletsur-15-kgs-100-pino-radiata","name":"Pellet PelletSur Premium 100% Pino Radiata 15 Kgs | Pellet 100% Pino Oregon en Villarrica","isPartOf":{"@id":"https:\/\/bioblu.cl\/#website"},"datePublished":"2024-09-09T14:12:58+00:00","dateModified":"2026-02-28T06:24:08+00:00","breadcrumb":{"@id":"https:\/\/bioblu.cl\/?product=pellet-pelletsur-15-kgs-100-pino-radiata#breadcrumb"},"inLanguage":"es-CL","potentialAction":[{"@type":"ReadAction","target":["https:\/\/bioblu.cl\/?product=pellet-pelletsur-15-kgs-100-pino-radiata"]}]},{"@type":"BreadcrumbList","@id":"https:\/\/bioblu.cl\/?product=pellet-pelletsur-15-kgs-100-pino-radiata#breadcrumb","itemListElement":[{"@type":"ListItem","position":1,"name":"Portada","item":"https:\/\/bioblu.cl\/"},{"@type":"ListItem","position":2,"name":"Tienda","item":"https:\/\/bioblu.cl\/?page_id=645"},{"@type":"ListItem","position":3,"name":"Pellet PelletSur Premium 100% Pino Radiata 15 Kgs"}]},{"@type":"WebSite","@id":"https:\/\/bioblu.cl\/#website","url":"https:\/\/bioblu.cl\/","name":"Bioblu","description":"Pellet en Villarrica","publisher":{"@id":"https:\/\/bioblu.cl\/#organization"},"alternateName":"Pellet en Villarrica","potentialAction":[{"@type":"SearchAction","target":{"@type":"EntryPoint","urlTemplate":"https:\/\/bioblu.cl\/?s={search_term_string}"},"query-input":"required name=search_term_string"}],"inLanguage":"es-CL"},{"@type":"Organization","@id":"https:\/\/bioblu.cl\/#organization","name":"Bioblu","url":"https:\/\/bioblu.cl\/","logo":{"@type":"ImageObject","inLanguage":"es-CL","@id":"https:\/\/bioblu.cl\/#\/schema\/logo\/image\/","url":"https:\/\/bioblu.cl\/wp-content\/uploads\/2023\/07\/Bioblu-500x466-Logo.png","contentUrl":"https:\/\/bioblu.cl\/wp-content\/uploads\/2023\/07\/Bioblu-500x466-Logo.png","width":500,"height":466,"caption":"Bioblu"},"image":{"@id":"https:\/\/bioblu.cl\/#\/schema\/logo\/image\/"},"sameAs":["https:\/\/www.facebook.com\/profile.php?id=100095160214814"]}]}},"_links":{"self":[{"href":"https:\/\/bioblu.cl\/index.php?rest_route=\/wp\/v2\/product\/1366"}],"collection":[{"href":"https:\/\/bioblu.cl\/index.php?rest_route=\/wp\/v2\/product"}],"about":[{"href":"https:\/\/bioblu.cl\/index.php?rest_route=\/wp\/v2\/types\/product"}],"replies":[{"embeddable":true,"href":"https:\/\/bioblu.cl\/index.php?rest_route=%2Fwp%2Fv2%2Fcomments&post=1366"}],"wp:featuredmedia":[{"embeddable":true,"href":"https:\/\/bioblu.cl\/index.php?rest_route=\/wp\/v2\/media\/1383"}],"wp:attachment":[{"href":"https:\/\/bioblu.cl\/index.php?rest_route=%2Fwp%2Fv2%2Fmedia&parent=1366"}],"wp:term":[{"taxonomy":"product_cat","embeddable":true,"href":"https:\/\/bioblu.cl\/index.php?rest_route=%2Fwp%2Fv2%2Fproduct_cat&post=1366"},{"taxonomy":"product_tag","embeddable":true,"href":"https:\/\/bioblu.cl\/index.php?rest_route=%2Fwp%2Fv2%2Fproduct_tag&post=1366"}],"curies":[{"name":"wp","href":"https:\/\/api.w.org\/{rel}","templated":true}]}}