{"id":649,"date":"2023-10-20T12:12:07","date_gmt":"2023-10-20T12:12:07","guid":{"rendered":"https:\/\/bioblu.cl\/?page_id=649"},"modified":"2023-11-15T14:08:29","modified_gmt":"2023-11-15T14:08:29","slug":"refund_returns","status":"publish","type":"page","link":"https:\/\/bioblu.cl\/?page_id=649","title":{"rendered":"Pol\u00edticas de Reembolso"},"content":{"rendered":"\t\t<div data-elementor-type=\"wp-page\" data-elementor-id=\"649\" class=\"elementor elementor-649\">\n\t\t\t\t\t\t\t\t\t<section class=\"elementor-section elementor-top-section elementor-element elementor-element-6cd7bd40 elementor-section-boxed elementor-section-height-default elementor-section-height-default\" data-id=\"6cd7bd40\" data-element_type=\"section\">\n\t\t\t\t\t\t<div class=\"elementor-container elementor-column-gap-default\">\n\t\t\t\t\t<div class=\"elementor-column elementor-col-100 elementor-top-column elementor-element elementor-element-860fe5c\" data-id=\"860fe5c\" data-element_type=\"column\">\n\t\t\t<div class=\"elementor-widget-wrap elementor-element-populated\">\n\t\t\t\t\t\t\t\t<div class=\"elementor-element elementor-element-7e2a9921 elementor-widget elementor-widget-text-editor\" data-id=\"7e2a9921\" data-element_type=\"widget\" data-widget_type=\"text-editor.default\">\n\t\t\t\t<div class=\"elementor-widget-container\">\n\t\t\t<style>\/*! elementor - v3.8.1 - 13-11-2022 *\/\n.elementor-widget-text-editor.elementor-drop-cap-view-stacked .elementor-drop-cap{background-color:#818a91;color:#fff}.elementor-widget-text-editor.elementor-drop-cap-view-framed .elementor-drop-cap{color:#818a91;border:3px solid;background-color:transparent}.elementor-widget-text-editor:not(.elementor-drop-cap-view-default) .elementor-drop-cap{margin-top:8px}.elementor-widget-text-editor:not(.elementor-drop-cap-view-default) .elementor-drop-cap-letter{width:1em;height:1em}.elementor-widget-text-editor .elementor-drop-cap{float:left;text-align:center;line-height:1;font-size:50px}.elementor-widget-text-editor .elementor-drop-cap-letter{display:inline-block}<\/style>\t\t\t\t<p><!-- wp:separator --><\/p>\n<hr class=\"wp-block-separator has-alpha-channel-opacity\" \/>\n<p><!-- \/wp:separator --><\/p>\n<p><!-- wp:heading --><\/p>\n<h2 id=\"nombre-de-la-tienda-pol\u00edtica-de-reembolso\" class=\"wp-block-heading\">Bioblu Pellet Pol\u00edticas de Reembolso<\/h2>\n<p><!-- \/wp:heading --><\/p>\n<p><!-- wp:paragraph --><\/p>\n<p>\u00a1Gracias por comprar en Bioblu Pellet!<\/p>\n<p><!-- \/wp:paragraph --><\/p>\n<p><!-- wp:paragraph --><\/p>\n<p>Ofrecemos reembolso y\/o cambio dentro de los primeros 30 d\u00edas de tu compra. Si han transcurrido 30 d\u00edas desde tu compra, no se te ofrecer\u00e1 un reembolso y\/o cambio de ning\u00fan tipo.<\/p>\n<p><!-- \/wp:paragraph --><\/p>\n<p><!-- wp:paragraph --><\/p>\n<p><strong>Elegibilidad para reembolsos y cambios<\/strong><\/p>\n<p><!-- \/wp:paragraph --><\/p>\n<p><!-- wp:list --><\/p>\n<ul>\n<li style=\"list-style-type: none;\">\n<ul><!-- wp:list-item --><\/ul>\n<\/li>\n<\/ul>\n<ul>\n<li style=\"list-style-type: none;\">\n<ul>\n<li>Tu art\u00edculo debe estar sin usar y en las mismas condiciones en que lo recibi\u00f3.<\/li>\n<\/ul>\n<\/li>\n<\/ul>\n<p><!-- \/wp:list-item --><\/p>\n<p><!-- wp:list-item --><\/p>\n<ul>\n<li style=\"list-style-type: none;\">\n<ul>\n<li>El art\u00edculo debe estar en el embalaje original.<\/li>\n<\/ul>\n<\/li>\n<\/ul>\n<p><!-- \/wp:list-item --><\/p>\n<p><!-- wp:list-item --><\/p>\n<ul>\n<li style=\"list-style-type: none;\">\n<ul>\n<li>Para completar tu devoluci\u00f3n, requerimos un recibo o comprobante de compra.<\/li>\n<\/ul>\n<\/li>\n<\/ul>\n<p><!-- \/wp:list-item --><\/p>\n<p><!-- wp:list-item --><\/p>\n<ul>\n<li style=\"list-style-type: none;\">\n<ul>\n<li>Solo se pueden reembolsar los art\u00edculos de precio regular; los art\u00edculos de venta no se pueden reembolsar.<\/li>\n<\/ul>\n<\/li>\n<\/ul>\n<p><!-- \/wp:list-item --><\/p>\n<p><!-- \/wp:list --><\/p>\n<p><!-- wp:paragraph --><\/p>\n<p><!-- \/wp:paragraph --><\/p>\n<p><!-- wp:paragraph --><\/p>\n<p><strong>Cambios<\/strong><\/p>\n<p><!-- \/wp:paragraph --><\/p>\n<p><!-- wp:paragraph --><\/p>\n<p>Solo reemplazamos los art\u00edculos si est\u00e1n defectuosos o da\u00f1ados. Si necesitas cambiarlo por el mismo art\u00edculo, env\u00edanos un email a administracion@bioblu.cl y env\u00eda tu art\u00edculo a: Km 4.8 Camino Villarrica a Lican Ray.<\/p>\n<p><!-- \/wp:list-item --><\/p>\n<p><!-- \/wp:list --><\/p>\n<p><!-- wp:paragraph --><\/p>\n<p><strong>Devoluciones Parciales y Garant\u00eda<\/strong><\/p>\n<p><!-- \/wp:paragraph --><\/p>\n<p><!-- wp:list --><\/p>\n<ul>\n<li style=\"list-style-type: none;\">\n<ul><!-- wp:list-item --><\/ul>\n<\/li>\n<\/ul>\n<ul>\n<li style=\"list-style-type: none;\">\n<ul>\n<li>Cualquier art\u00edculo que no se encuentre en su estado original, est\u00e9 da\u00f1ado o falte una parte por razones que no se debieron a nuestro error.<\/li>\n<\/ul>\n<\/li>\n<\/ul>\n<p><!-- \/wp:list-item --><\/p>\n<p><!-- wp:list-item --><\/p>\n<ul>\n<li style=\"list-style-type: none;\">\n<ul>\n<li>Cualquier art\u00edculo que se devuelva m\u00e1s de 30 d\u00edas despu\u00e9s de la entrega.<\/li>\n<\/ul>\n<\/li>\n<\/ul>\n<p><!-- \/wp:list-item --><\/p>\n<p><!-- \/wp:list --><\/p>\n<p><!-- wp:paragraph --><\/p>\n<p>Una vez que se reciba e inspeccione tu devoluci\u00f3n, te enviaremos un email para notificarte que hemos recibido tu art\u00edculo devuelto. Tambi\u00e9n te notificaremos la aprobaci\u00f3n o el rechazo de tu reembolso.<\/p>\n<p><!-- \/wp:paragraph --><\/p>\n<p><!-- wp:paragraph --><\/p>\n<p>Si es aprobado, entonces se procesar\u00e1 tu reembolso y se aplicar\u00e1 un cr\u00e9dito autom\u00e1ticamente a tu tarjeta de cr\u00e9dito o m\u00e9todo de pago original, dentro de una cierta cantidad de d\u00edas. O bien se puede realizar la devoluci\u00f3n en efectivo.<\/p>\n<p><!-- \/wp:paragraph --><\/p>\n<p><!-- wp:paragraph --><\/p>\n<p><strong>Reembolsos atrasados o faltantes<\/strong><\/p>\n<p><!-- \/wp:paragraph --><\/p>\n<p><!-- wp:list --><\/p>\n<ul>\n<li style=\"list-style-type: none;\">\n<ul><!-- wp:list-item --><\/ul>\n<\/li>\n<\/ul>\n<ul>\n<li style=\"list-style-type: none;\">\n<ul>\n<li>Si a\u00fan no has recibido un reembolso, primero verifica otra vez tu cuenta bancaria. Luego, comun\u00edcate con la compa\u00f1\u00eda de tu tarjeta de cr\u00e9dito. Puede tomar alg\u00fan tiempo antes de que se publique oficialmente tu reembolso.<\/li>\n<\/ul>\n<\/li>\n<\/ul>\n<p><!-- \/wp:list-item --><\/p>\n<p><!-- wp:list-item --><\/p>\n<ul>\n<li style=\"list-style-type: none;\">\n<ul>\n<li>Si has hecho todo esto y a\u00fan no has recibido tu reembolso, comun\u00edcate con nosotros al +56 9 9185 7552, o bien al correo administracion@bioblu.cl<\/li>\n<\/ul>\n<\/li>\n<\/ul>\n<p><!-- \/wp:list-item --><\/p>\n<p><!-- \/wp:list --><\/p>\n<p><!-- wp:heading {\"level\":6} --><\/p>\n<h6 class=\"wp-block-heading\">\u00a0<\/h6>\n<p><!-- \/wp:heading --><\/p>\t\t\t\t\t\t<\/div>\n\t\t\t\t<\/div>\n\t\t\t\t\t<\/div>\n\t\t<\/div>\n\t\t\t\t\t\t\t<\/div>\n\t\t<\/section>\n\t\t\t\t\t\t\t<\/div>\n\t\t","protected":false},"excerpt":{"rendered":"<p>Bioblu Pellet Pol\u00edticas de Reembolso \u00a1Gracias por comprar en Bioblu Pellet! Ofrecemos reembolso y\/o cambio dentro de los primeros 30 d\u00edas de tu compra. Si han transcurrido 30 d\u00edas desde tu compra, no se te ofrecer\u00e1 un reembolso y\/o cambio de ning\u00fan tipo. Elegibilidad para reembolsos y cambios Cambios Solo reemplazamos los art\u00edculos si est\u00e1n [&hellip;]<\/p>\n","protected":false},"author":1,"featured_media":0,"parent":0,"menu_order":0,"comment_status":"closed","ping_status":"closed","template":"","meta":{"om_disable_all_campaigns":false,"_monsterinsights_skip_tracking":false,"_monsterinsights_sitenote_active":false,"_monsterinsights_sitenote_note":"","_monsterinsights_sitenote_category":0,"site-sidebar-layout":"default","site-content-layout":"","ast-site-content-layout":"","site-content-style":"default","site-sidebar-style":"default","ast-global-header-display":"","ast-banner-title-visibility":"","ast-main-header-display":"","ast-hfb-above-header-display":"","ast-hfb-below-header-display":"","ast-hfb-mobile-header-display":"","site-post-title":"","ast-breadcrumbs-content":"","ast-featured-img":"","footer-sml-layout":"","theme-transparent-header-meta":"","adv-header-id-meta":"","stick-header-meta":"","header-above-stick-meta":"","header-main-stick-meta":"","header-below-stick-meta":"","astra-migrate-meta-layouts":"default","ast-page-background-enabled":"default","ast-page-background-meta":{"desktop":{"background-color":"var(--ast-global-color-4)","background-image":"","background-repeat":"repeat","background-position":"center center","background-size":"auto","background-attachment":"scroll","background-type":"","background-media":"","overlay-type":"","overlay-color":"","overlay-gradient":""},"tablet":{"background-color":"","background-image":"","background-repeat":"repeat","background-position":"center center","background-size":"auto","background-attachment":"scroll","background-type":"","background-media":"","overlay-type":"","overlay-color":"","overlay-gradient":""},"mobile":{"background-color":"","background-image":"","background-repeat":"repeat","background-position":"center center","background-size":"auto","background-attachment":"scroll","background-type":"","background-media":"","overlay-type":"","overlay-color":"","overlay-gradient":""}},"ast-content-background-meta":{"desktop":{"background-color":"var(--ast-global-color-5)","background-image":"","background-repeat":"repeat","background-position":"center center","background-size":"auto","background-attachment":"scroll","background-type":"","background-media":"","overlay-type":"","overlay-color":"","overlay-gradient":""},"tablet":{"background-color":"var(--ast-global-color-5)","background-image":"","background-repeat":"repeat","background-position":"center center","background-size":"auto","background-attachment":"scroll","background-type":"","background-media":"","overlay-type":"","overlay-color":"","overlay-gradient":""},"mobile":{"background-color":"var(--ast-global-color-5)","background-image":"","background-repeat":"repeat","background-position":"center center","background-size":"auto","background-attachment":"scroll","background-type":"","background-media":"","overlay-type":"","overlay-color":"","overlay-gradient":""}},"footnotes":""},"yoast_head":"<!-- This site is optimized with the Yoast SEO plugin v21.1 - https:\/\/yoast.com\/wordpress\/plugins\/seo\/ -->\n<title>Pol\u00edticas de Reembolso | Pellet 100% Pino Oregon en Villarrica<\/title>\n<meta name=\"robots\" content=\"index, follow, max-snippet:-1, max-image-preview:large, max-video-preview:-1\" \/>\n<link rel=\"canonical\" href=\"https:\/\/bioblu.cl\/?page_id=649\" \/>\n<meta property=\"og:locale\" content=\"es_ES\" \/>\n<meta property=\"og:type\" content=\"article\" \/>\n<meta property=\"og:title\" content=\"Pol\u00edticas de Reembolso | Pellet 100% Pino Oregon en Villarrica\" \/>\n<meta property=\"og:description\" content=\"Bioblu Pellet Pol\u00edticas de Reembolso \u00a1Gracias por comprar en Bioblu Pellet! Ofrecemos reembolso y\/o cambio dentro de los primeros 30 d\u00edas de tu compra. Si han transcurrido 30 d\u00edas desde tu compra, no se te ofrecer\u00e1 un reembolso y\/o cambio de ning\u00fan tipo. Elegibilidad para reembolsos y cambios Cambios Solo reemplazamos los art\u00edculos si est\u00e1n [&hellip;]\" \/>\n<meta property=\"og:url\" content=\"https:\/\/bioblu.cl\/?page_id=649\" \/>\n<meta property=\"og:site_name\" content=\"Pellet 100% Pino Oregon en Villarrica\" \/>\n<meta property=\"article:publisher\" content=\"https:\/\/www.facebook.com\/profile.php?id=100095160214814\" \/>\n<meta property=\"article:modified_time\" content=\"2023-11-15T14:08:29+00:00\" \/>\n<meta property=\"og:image\" content=\"https:\/\/bioblu.cl\/wp-content\/uploads\/2023\/07\/LOGO-OK.jpg\" \/>\n\t<meta property=\"og:image:width\" content=\"640\" \/>\n\t<meta property=\"og:image:height\" content=\"582\" \/>\n\t<meta property=\"og:image:type\" content=\"image\/jpeg\" \/>\n<meta name=\"twitter:card\" content=\"summary_large_image\" \/>\n<meta name=\"twitter:label1\" content=\"Est. reading time\" \/>\n\t<meta name=\"twitter:data1\" content=\"2 minutos\" \/>\n<script type=\"application\/ld+json\" class=\"yoast-schema-graph\">{\"@context\":\"https:\/\/schema.org\",\"@graph\":[{\"@type\":\"WebPage\",\"@id\":\"https:\/\/bioblu.cl\/?page_id=649\",\"url\":\"https:\/\/bioblu.cl\/?page_id=649\",\"name\":\"Pol\u00edticas de Reembolso | Pellet 100% Pino Oregon en Villarrica\",\"isPartOf\":{\"@id\":\"https:\/\/bioblu.cl\/#website\"},\"datePublished\":\"2023-10-20T12:12:07+00:00\",\"dateModified\":\"2023-11-15T14:08:29+00:00\",\"breadcrumb\":{\"@id\":\"https:\/\/bioblu.cl\/?page_id=649#breadcrumb\"},\"inLanguage\":\"es-CL\",\"potentialAction\":[{\"@type\":\"ReadAction\",\"target\":[\"https:\/\/bioblu.cl\/?page_id=649\"]}]},{\"@type\":\"BreadcrumbList\",\"@id\":\"https:\/\/bioblu.cl\/?page_id=649#breadcrumb\",\"itemListElement\":[{\"@type\":\"ListItem\",\"position\":1,\"name\":\"Portada\",\"item\":\"https:\/\/bioblu.cl\/\"},{\"@type\":\"ListItem\",\"position\":2,\"name\":\"Pol\u00edticas de Reembolso\"}]},{\"@type\":\"WebSite\",\"@id\":\"https:\/\/bioblu.cl\/#website\",\"url\":\"https:\/\/bioblu.cl\/\",\"name\":\"Bioblu\",\"description\":\"Pellet en Villarrica\",\"publisher\":{\"@id\":\"https:\/\/bioblu.cl\/#organization\"},\"alternateName\":\"Pellet en Villarrica\",\"potentialAction\":[{\"@type\":\"SearchAction\",\"target\":{\"@type\":\"EntryPoint\",\"urlTemplate\":\"https:\/\/bioblu.cl\/?s={search_term_string}\"},\"query-input\":\"required name=search_term_string\"}],\"inLanguage\":\"es-CL\"},{\"@type\":\"Organization\",\"@id\":\"https:\/\/bioblu.cl\/#organization\",\"name\":\"Bioblu\",\"url\":\"https:\/\/bioblu.cl\/\",\"logo\":{\"@type\":\"ImageObject\",\"inLanguage\":\"es-CL\",\"@id\":\"https:\/\/bioblu.cl\/#\/schema\/logo\/image\/\",\"url\":\"https:\/\/bioblu.cl\/wp-content\/uploads\/2023\/07\/Bioblu-500x466-Logo.png\",\"contentUrl\":\"https:\/\/bioblu.cl\/wp-content\/uploads\/2023\/07\/Bioblu-500x466-Logo.png\",\"width\":500,\"height\":466,\"caption\":\"Bioblu\"},\"image\":{\"@id\":\"https:\/\/bioblu.cl\/#\/schema\/logo\/image\/\"},\"sameAs\":[\"https:\/\/www.facebook.com\/profile.php?id=100095160214814\"]}]}<\/script>\n<!-- \/ Yoast SEO plugin. -->","yoast_head_json":{"title":"Pol\u00edticas de Reembolso | Pellet 100% Pino Oregon en Villarrica","robots":{"index":"index","follow":"follow","max-snippet":"max-snippet:-1","max-image-preview":"max-image-preview:large","max-video-preview":"max-video-preview:-1"},"canonical":"https:\/\/bioblu.cl\/?page_id=649","og_locale":"es_ES","og_type":"article","og_title":"Pol\u00edticas de Reembolso | Pellet 100% Pino Oregon en Villarrica","og_description":"Bioblu Pellet Pol\u00edticas de Reembolso \u00a1Gracias por comprar en Bioblu Pellet! Ofrecemos reembolso y\/o cambio dentro de los primeros 30 d\u00edas de tu compra. Si han transcurrido 30 d\u00edas desde tu compra, no se te ofrecer\u00e1 un reembolso y\/o cambio de ning\u00fan tipo. Elegibilidad para reembolsos y cambios Cambios Solo reemplazamos los art\u00edculos si est\u00e1n [&hellip;]","og_url":"https:\/\/bioblu.cl\/?page_id=649","og_site_name":"Pellet 100% Pino Oregon en Villarrica","article_publisher":"https:\/\/www.facebook.com\/profile.php?id=100095160214814","article_modified_time":"2023-11-15T14:08:29+00:00","og_image":[{"width":640,"height":582,"url":"https:\/\/bioblu.cl\/wp-content\/uploads\/2023\/07\/LOGO-OK.jpg","type":"image\/jpeg"}],"twitter_card":"summary_large_image","twitter_misc":{"Est. reading time":"2 minutos"},"schema":{"@context":"https:\/\/schema.org","@graph":[{"@type":"WebPage","@id":"https:\/\/bioblu.cl\/?page_id=649","url":"https:\/\/bioblu.cl\/?page_id=649","name":"Pol\u00edticas de Reembolso | Pellet 100% Pino Oregon en Villarrica","isPartOf":{"@id":"https:\/\/bioblu.cl\/#website"},"datePublished":"2023-10-20T12:12:07+00:00","dateModified":"2023-11-15T14:08:29+00:00","breadcrumb":{"@id":"https:\/\/bioblu.cl\/?page_id=649#breadcrumb"},"inLanguage":"es-CL","potentialAction":[{"@type":"ReadAction","target":["https:\/\/bioblu.cl\/?page_id=649"]}]},{"@type":"BreadcrumbList","@id":"https:\/\/bioblu.cl\/?page_id=649#breadcrumb","itemListElement":[{"@type":"ListItem","position":1,"name":"Portada","item":"https:\/\/bioblu.cl\/"},{"@type":"ListItem","position":2,"name":"Pol\u00edticas de Reembolso"}]},{"@type":"WebSite","@id":"https:\/\/bioblu.cl\/#website","url":"https:\/\/bioblu.cl\/","name":"Bioblu","description":"Pellet en Villarrica","publisher":{"@id":"https:\/\/bioblu.cl\/#organization"},"alternateName":"Pellet en Villarrica","potentialAction":[{"@type":"SearchAction","target":{"@type":"EntryPoint","urlTemplate":"https:\/\/bioblu.cl\/?s={search_term_string}"},"query-input":"required name=search_term_string"}],"inLanguage":"es-CL"},{"@type":"Organization","@id":"https:\/\/bioblu.cl\/#organization","name":"Bioblu","url":"https:\/\/bioblu.cl\/","logo":{"@type":"ImageObject","inLanguage":"es-CL","@id":"https:\/\/bioblu.cl\/#\/schema\/logo\/image\/","url":"https:\/\/bioblu.cl\/wp-content\/uploads\/2023\/07\/Bioblu-500x466-Logo.png","contentUrl":"https:\/\/bioblu.cl\/wp-content\/uploads\/2023\/07\/Bioblu-500x466-Logo.png","width":500,"height":466,"caption":"Bioblu"},"image":{"@id":"https:\/\/bioblu.cl\/#\/schema\/logo\/image\/"},"sameAs":["https:\/\/www.facebook.com\/profile.php?id=100095160214814"]}]}},"_links":{"self":[{"href":"https:\/\/bioblu.cl\/index.php?rest_route=\/wp\/v2\/pages\/649"}],"collection":[{"href":"https:\/\/bioblu.cl\/index.php?rest_route=\/wp\/v2\/pages"}],"about":[{"href":"https:\/\/bioblu.cl\/index.php?rest_route=\/wp\/v2\/types\/page"}],"author":[{"embeddable":true,"href":"https:\/\/bioblu.cl\/index.php?rest_route=\/wp\/v2\/users\/1"}],"replies":[{"embeddable":true,"href":"https:\/\/bioblu.cl\/index.php?rest_route=%2Fwp%2Fv2%2Fcomments&post=649"}],"version-history":[{"count":19,"href":"https:\/\/bioblu.cl\/index.php?rest_route=\/wp\/v2\/pages\/649\/revisions"}],"predecessor-version":[{"id":1106,"href":"https:\/\/bioblu.cl\/index.php?rest_route=\/wp\/v2\/pages\/649\/revisions\/1106"}],"wp:attachment":[{"href":"https:\/\/bioblu.cl\/index.php?rest_route=%2Fwp%2Fv2%2Fmedia&parent=649"}],"curies":[{"name":"wp","href":"https:\/\/api.w.org\/{rel}","templated":true}]}}